{"id":16,"date":"2020-08-24T15:55:04","date_gmt":"2020-08-24T13:55:04","guid":{"rendered":"http:\/\/diamstwirling.fr\/?page_id=16"},"modified":"2025-10-20T17:57:53","modified_gmt":"2025-10-20T15:57:53","slug":"galerie","status":"publish","type":"page","link":"https:\/\/diamstwirling.fr\/?page_id=16","title":{"rendered":"GALERIE"},"content":{"rendered":"\t\t<div data-elementor-type=\"wp-page\" data-elementor-id=\"16\" class=\"elementor elementor-16\">\n\t\t\t\t\t\t<section class=\"elementor-section elementor-top-section elementor-element elementor-element-57bbe9ed elementor-section-height-min-height elementor-section-content-middle elementor-section-stretched elementor-section-boxed elementor-section-height-default elementor-section-items-middle\" data-id=\"57bbe9ed\" data-element_type=\"section\" data-settings=\"{&quot;background_background&quot;:&quot;classic&quot;,&quot;shape_divider_top&quot;:&quot;waves&quot;,&quot;shape_divider_bottom&quot;:&quot;waves&quot;,&quot;stretch_section&quot;:&quot;section-stretched&quot;}\">\n\t\t\t\t\t\t\t<div class=\"elementor-background-overlay\"><\/div>\n\t\t\t\t\t\t<div class=\"elementor-shape elementor-shape-top\" data-negative=\"false\">\n\t\t\t<svg xmlns=\"http:\/\/www.w3.org\/2000\/svg\" viewBox=\"0 0 1000 100\" preserveAspectRatio=\"none\">\n\t<path class=\"elementor-shape-fill\" d=\"M421.9,6.5c22.6-2.5,51.5,0.4,75.5,5.3c23.6,4.9,70.9,23.5,100.5,35.7c75.8,32.2,133.7,44.5,192.6,49.7\n\tc23.6,2.1,48.7,3.5,103.4-2.5c54.7-6,106.2-25.6,106.2-25.6V0H0v30.3c0,0,72,32.6,158.4,30.5c39.2-0.7,92.8-6.7,134-22.4\n\tc21.2-8.1,52.2-18.2,79.7-24.2C399.3,7.9,411.6,7.5,421.9,6.5z\"\/>\n<\/svg>\t\t<\/div>\n\t\t\t\t<div class=\"elementor-shape elementor-shape-bottom\" data-negative=\"false\">\n\t\t\t<svg xmlns=\"http:\/\/www.w3.org\/2000\/svg\" viewBox=\"0 0 1000 100\" preserveAspectRatio=\"none\">\n\t<path class=\"elementor-shape-fill\" d=\"M421.9,6.5c22.6-2.5,51.5,0.4,75.5,5.3c23.6,4.9,70.9,23.5,100.5,35.7c75.8,32.2,133.7,44.5,192.6,49.7\n\tc23.6,2.1,48.7,3.5,103.4-2.5c54.7-6,106.2-25.6,106.2-25.6V0H0v30.3c0,0,72,32.6,158.4,30.5c39.2-0.7,92.8-6.7,134-22.4\n\tc21.2-8.1,52.2-18.2,79.7-24.2C399.3,7.9,411.6,7.5,421.9,6.5z\"\/>\n<\/svg>\t\t<\/div>\n\t\t\t\t\t<div class=\"elementor-container elementor-column-gap-no\">\n\t\t\t\t\t<div class=\"elementor-column elementor-col-50 elementor-top-column elementor-element elementor-element-6fe63734\" data-id=\"6fe63734\" data-element_type=\"column\">\n\t\t\t<div class=\"elementor-widget-wrap elementor-element-populated\">\n\t\t\t\t\t\t<div class=\"elementor-element elementor-element-4878617b elementor-widget elementor-widget-heading\" data-id=\"4878617b\" data-element_type=\"widget\" data-widget_type=\"heading.default\">\n\t\t\t\t<div class=\"elementor-widget-container\">\n\t\t\t\t\t<h5 class=\"elementor-heading-title elementor-size-default\">LA GALERIE<\/h5>\t\t\t\t<\/div>\n\t\t\t\t<\/div>\n\t\t\t\t<div class=\"elementor-element elementor-element-59abb8d4 elementor-widget elementor-widget-heading\" data-id=\"59abb8d4\" data-element_type=\"widget\" data-widget_type=\"heading.default\">\n\t\t\t\t<div class=\"elementor-widget-container\">\n\t\t\t\t\t<h2 class=\"elementor-heading-title elementor-size-default\">D\u00e9couvrez  le club en images !  <\/h2>\t\t\t\t<\/div>\n\t\t\t\t<\/div>\n\t\t\t\t\t<\/div>\n\t\t<\/div>\n\t\t\t\t<div class=\"elementor-column elementor-col-50 elementor-top-column elementor-element elementor-element-1298dc18\" data-id=\"1298dc18\" data-element_type=\"column\">\n\t\t\t<div class=\"elementor-widget-wrap\">\n\t\t\t\t\t\t\t<\/div>\n\t\t<\/div>\n\t\t\t\t\t<\/div>\n\t\t<\/section>\n\t\t\t\t<section class=\"elementor-section elementor-top-section elementor-element elementor-element-8b24f99 elementor-section-boxed elementor-section-height-default elementor-section-height-default\" data-id=\"8b24f99\" data-element_type=\"section\">\n\t\t\t\t\t\t<div class=\"elementor-container elementor-column-gap-default\">\n\t\t\t\t\t<div class=\"elementor-column elementor-col-25 elementor-top-column elementor-element elementor-element-8cbb934\" data-id=\"8cbb934\" data-element_type=\"column\">\n\t\t\t<div class=\"elementor-widget-wrap\">\n\t\t\t\t\t\t\t<\/div>\n\t\t<\/div>\n\t\t\t\t<div class=\"elementor-column elementor-col-25 elementor-top-column elementor-element elementor-element-7f28929\" data-id=\"7f28929\" data-element_type=\"column\">\n\t\t\t<div class=\"elementor-widget-wrap elementor-element-populated\">\n\t\t\t\t\t\t<div class=\"elementor-element elementor-element-5e4a08e elementor-widget elementor-widget-spacer\" data-id=\"5e4a08e\" data-element_type=\"widget\" data-widget_type=\"spacer.default\">\n\t\t\t\t<div class=\"elementor-widget-container\">\n\t\t\t\t\t\t\t<div class=\"elementor-spacer\">\n\t\t\t<div class=\"elementor-spacer-inner\"><\/div>\n\t\t<\/div>\n\t\t\t\t\t\t<\/div>\n\t\t\t\t<\/div>\n\t\t\t\t<div class=\"elementor-element elementor-element-42a36fe2 elementor-invisible elementor-widget elementor-widget-heading\" data-id=\"42a36fe2\" data-element_type=\"widget\" data-settings=\"{&quot;_animation&quot;:&quot;fadeInLeft&quot;}\" data-widget_type=\"heading.default\">\n\t\t\t\t<div class=\"elementor-widget-container\">\n\t\t\t\t\t<h4 class=\"elementor-heading-title elementor-size-default\">Comp\u00e9titions<\/h4>\t\t\t\t<\/div>\n\t\t\t\t<\/div>\n\t\t\t\t<div class=\"elementor-element elementor-element-d631eb2 elementor-tablet-align-center elementor-mobile-align-center elementor-align-right elementor-invisible elementor-widget elementor-widget-button\" data-id=\"d631eb2\" data-element_type=\"widget\" data-settings=\"{&quot;_animation&quot;:&quot;fadeInLeft&quot;}\" data-widget_type=\"button.default\">\n\t\t\t\t<div class=\"elementor-widget-container\">\n\t\t\t\t\t\t\t\t\t<div class=\"elementor-button-wrapper\">\n\t\t\t\t\t<a class=\"elementor-button elementor-button-link elementor-size-sm elementor-animation-grow\" href=\"https:\/\/diamstwirling.fr\/?page_id=184\">\n\t\t\t\t\t\t<span class=\"elementor-button-content-wrapper\">\n\t\t\t\t\t\t\t\t\t<span class=\"elementor-button-text\">C'est par ici<\/span>\n\t\t\t\t\t<\/span>\n\t\t\t\t\t<\/a>\n\t\t\t\t<\/div>\n\t\t\t\t\t\t\t\t<\/div>\n\t\t\t\t<\/div>\n\t\t\t\t\t<\/div>\n\t\t<\/div>\n\t\t\t\t<div class=\"elementor-column elementor-col-50 elementor-top-column elementor-element elementor-element-0d4172e\" data-id=\"0d4172e\" data-element_type=\"column\">\n\t\t\t<div class=\"elementor-widget-wrap elementor-element-populated\">\n\t\t\t\t\t\t<div class=\"elementor-element elementor-element-dfb5506 elementor-widget elementor-widget-image\" data-id=\"dfb5506\" data-element_type=\"widget\" data-widget_type=\"image.default\">\n\t\t\t\t<div class=\"elementor-widget-container\">\n\t\t\t\t\t\t\t\t\t\t\t\t\t\t\t\t<a href=\"https:\/\/diamstwirling.fr\/?page_id=184\">\n\t\t\t\t\t\t\t<img decoding=\"async\" src=\"https:\/\/diamstwirling.fr\/wp-content\/uploads\/elementor\/thumbs\/IMG_0618-scaled-e1760974746647-rdhpm49j4qehgzhpvsymiiktyo459p2k6bp3n0e870.jpeg\" title=\"IMG_0618\" alt=\"IMG_0618\" loading=\"lazy\" \/>\t\t\t\t\t\t\t\t<\/a>\n\t\t\t\t\t\t\t\t\t\t\t\t\t\t\t<\/div>\n\t\t\t\t<\/div>\n\t\t\t\t\t<\/div>\n\t\t<\/div>\n\t\t\t\t\t<\/div>\n\t\t<\/section>\n\t\t\t\t<section class=\"elementor-section elementor-top-section elementor-element elementor-element-1d41243 elementor-section-boxed elementor-section-height-default elementor-section-height-default\" data-id=\"1d41243\" data-element_type=\"section\">\n\t\t\t\t\t\t<div class=\"elementor-container elementor-column-gap-default\">\n\t\t\t\t\t<div class=\"elementor-column elementor-col-100 elementor-top-column elementor-element elementor-element-2483e58\" data-id=\"2483e58\" data-element_type=\"column\">\n\t\t\t<div class=\"elementor-widget-wrap elementor-element-populated\">\n\t\t\t\t\t\t<div class=\"elementor-element elementor-element-da14cdc elementor-widget-divider--separator-type-pattern elementor-widget-divider--no-spacing elementor-widget-divider--view-line elementor-widget elementor-widget-divider\" data-id=\"da14cdc\" data-element_type=\"widget\" data-widget_type=\"divider.default\">\n\t\t\t\t<div class=\"elementor-widget-container\">\n\t\t\t\t\t\t\t<div class=\"elementor-divider\" style=\"--divider-pattern-url: url(&quot;data:image\/svg+xml,%3Csvg xmlns=&#039;http:\/\/www.w3.org\/2000\/svg&#039; preserveAspectRatio=&#039;xMidYMid meet&#039; overflow=&#039;visible&#039; height=&#039;100%&#039; viewBox=&#039;0 0 126 26&#039; fill=&#039;black&#039; stroke=&#039;none&#039;%3E%3Cpath d=&#039;M3,10.2c2.6,0,2.6,2,2.6,3.2S4.4,16.5,3,16.5s-3-1.4-3-3.2S0.4,10.2,3,10.2z M18.8,10.2c1.7,0,3.2,1.4,3.2,3.2s-1.4,3.2-3.2,3.2c-1.7,0-3.2-1.4-3.2-3.2S17,10.2,18.8,10.2z M34.6,10.2c1.5,0,2.6,1.4,2.6,3.2s-0.5,3.2-1.9,3.2c-1.5,0-3.4-1.4-3.4-3.2S33.1,10.2,34.6,10.2z M50.5,10.2c1.7,0,3.2,1.4,3.2,3.2s-1.4,3.2-3.2,3.2c-1.7,0-3.3-0.9-3.3-2.6S48.7,10.2,50.5,10.2z M66.2,10.2c1.5,0,3.4,1.4,3.4,3.2s-1.9,3.2-3.4,3.2c-1.5,0-2.6-0.4-2.6-2.1S64.8,10.2,66.2,10.2z M82.2,10.2c1.7,0.8,2.6,1.4,2.6,3.2s-0.1,3.2-1.6,3.2c-1.5,0-3.7-1.4-3.7-3.2S80.5,9.4,82.2,10.2zM98.6,10.2c1.5,0,2.6,0.4,2.6,2.1s-1.2,4.2-2.6,4.2c-1.5,0-3.7-0.4-3.7-2.1S97.1,10.2,98.6,10.2z M113.4,10.2c1.2,0,2.2,0.9,2.2,3.2s-0.1,3.2-1.3,3.2s-3.1-1.4-3.1-3.2S112.2,10.2,113.4,10.2z&#039;\/%3E%3C\/svg%3E&quot;);\">\n\t\t\t<span class=\"elementor-divider-separator\">\n\t\t\t\t\t\t<\/span>\n\t\t<\/div>\n\t\t\t\t\t\t<\/div>\n\t\t\t\t<\/div>\n\t\t\t\t\t<\/div>\n\t\t<\/div>\n\t\t\t\t\t<\/div>\n\t\t<\/section>\n\t\t\t\t<section class=\"elementor-section elementor-top-section elementor-element elementor-element-844c237 elementor-section-boxed elementor-section-height-default elementor-section-height-default\" data-id=\"844c237\" data-element_type=\"section\">\n\t\t\t\t\t\t<div class=\"elementor-container elementor-column-gap-default\">\n\t\t\t\t\t<div class=\"elementor-column elementor-col-50 elementor-top-column elementor-element elementor-element-0bc0e2c\" data-id=\"0bc0e2c\" data-element_type=\"column\">\n\t\t\t<div class=\"elementor-widget-wrap elementor-element-populated\">\n\t\t\t\t\t\t<div class=\"elementor-element elementor-element-85d751e elementor-widget elementor-widget-image\" data-id=\"85d751e\" data-element_type=\"widget\" data-widget_type=\"image.default\">\n\t\t\t\t<div class=\"elementor-widget-container\">\n\t\t\t\t\t\t\t\t\t\t\t\t\t\t\t\t<a href=\"https:\/\/diamstwirling.fr\/?page_id=186\">\n\t\t\t\t\t\t\t<img decoding=\"async\" src=\"https:\/\/diamstwirling.fr\/wp-content\/uploads\/elementor\/thumbs\/IMG_8900-1-scaled-e1760974003823-rdhp2pvg2tufupo65x2tjwtcldqfel1zuazc2f5qm4.jpeg\" title=\"Diots 2025\" alt=\"Diots 2025 - Pr\u00e9sence du Maire\" loading=\"lazy\" \/>\t\t\t\t\t\t\t\t<\/a>\n\t\t\t\t\t\t\t\t\t\t\t\t\t\t\t<\/div>\n\t\t\t\t<\/div>\n\t\t\t\t\t<\/div>\n\t\t<\/div>\n\t\t\t\t<div class=\"elementor-column elementor-col-25 elementor-top-column elementor-element elementor-element-2cecdbd\" data-id=\"2cecdbd\" data-element_type=\"column\">\n\t\t\t<div class=\"elementor-widget-wrap elementor-element-populated\">\n\t\t\t\t\t\t<div class=\"elementor-element elementor-element-21da05c elementor-widget elementor-widget-spacer\" data-id=\"21da05c\" data-element_type=\"widget\" data-widget_type=\"spacer.default\">\n\t\t\t\t<div class=\"elementor-widget-container\">\n\t\t\t\t\t\t\t<div class=\"elementor-spacer\">\n\t\t\t<div class=\"elementor-spacer-inner\"><\/div>\n\t\t<\/div>\n\t\t\t\t\t\t<\/div>\n\t\t\t\t<\/div>\n\t\t\t\t<div class=\"elementor-element elementor-element-185faa4f elementor-invisible elementor-widget elementor-widget-heading\" data-id=\"185faa4f\" data-element_type=\"widget\" data-settings=\"{&quot;_animation&quot;:&quot;fadeInRight&quot;}\" data-widget_type=\"heading.default\">\n\t\t\t\t<div class=\"elementor-widget-container\">\n\t\t\t\t\t<h4 class=\"elementor-heading-title elementor-size-default\">Ev\u00e8nements<\/h4>\t\t\t\t<\/div>\n\t\t\t\t<\/div>\n\t\t\t\t<div class=\"elementor-element elementor-element-5a9e7bb3 elementor-tablet-align-center elementor-align-center elementor-invisible elementor-widget elementor-widget-button\" data-id=\"5a9e7bb3\" data-element_type=\"widget\" data-settings=\"{&quot;_animation&quot;:&quot;fadeInRight&quot;}\" data-widget_type=\"button.default\">\n\t\t\t\t<div class=\"elementor-widget-container\">\n\t\t\t\t\t\t\t\t\t<div class=\"elementor-button-wrapper\">\n\t\t\t\t\t<a class=\"elementor-button elementor-button-link elementor-size-sm elementor-animation-grow\" href=\"https:\/\/diamstwirling.fr\/?page_id=186\">\n\t\t\t\t\t\t<span class=\"elementor-button-content-wrapper\">\n\t\t\t\t\t\t\t\t\t<span class=\"elementor-button-text\">C'est par ici<\/span>\n\t\t\t\t\t<\/span>\n\t\t\t\t\t<\/a>\n\t\t\t\t<\/div>\n\t\t\t\t\t\t\t\t<\/div>\n\t\t\t\t<\/div>\n\t\t\t\t\t<\/div>\n\t\t<\/div>\n\t\t\t\t<div class=\"elementor-column elementor-col-25 elementor-top-column elementor-element elementor-element-d240f4b\" data-id=\"d240f4b\" data-element_type=\"column\">\n\t\t\t<div class=\"elementor-widget-wrap\">\n\t\t\t\t\t\t\t<\/div>\n\t\t<\/div>\n\t\t\t\t\t<\/div>\n\t\t<\/section>\n\t\t\t\t<\/div>\n\t\t","protected":false},"excerpt":{"rendered":"<p>LA GALERIE D\u00e9couvrez le club en images ! Comp\u00e9titions C&rsquo;est par ici Ev\u00e8nements C&rsquo;est par ici<\/p>\n","protected":false},"author":1,"featured_media":0,"parent":0,"menu_order":0,"comment_status":"closed","ping_status":"closed","template":"","meta":{"neve_meta_sidebar":"full-width","neve_meta_container":"","neve_meta_enable_content_width":"on","neve_meta_content_width":100,"neve_meta_title_alignment":"","neve_meta_author_avatar":"","neve_post_elements_order":"","neve_meta_disable_header":"","neve_meta_disable_footer":"","neve_meta_disable_title":"","footnotes":""},"class_list":["post-16","page","type-page","status-publish","hentry"],"yoast_head":"<!-- This site is optimized with the Yoast SEO plugin v24.7 - https:\/\/yoast.com\/wordpress\/plugins\/seo\/ -->\n<title>GALERIE - Diam&#039;s Twirling Club<\/title>\n<meta name=\"robots\" content=\"index, follow, max-snippet:-1, max-image-preview:large, max-video-preview:-1\" \/>\n<link rel=\"canonical\" href=\"https:\/\/diamstwirling.fr\/?page_id=16\" \/>\n<meta property=\"og:locale\" content=\"fr_FR\" \/>\n<meta property=\"og:type\" content=\"article\" \/>\n<meta property=\"og:title\" content=\"GALERIE - Diam&#039;s Twirling Club\" \/>\n<meta property=\"og:description\" content=\"LA GALERIE D\u00e9couvrez le club en images ! Comp\u00e9titions C&rsquo;est par ici Ev\u00e8nements C&rsquo;est par ici\" \/>\n<meta property=\"og:url\" content=\"https:\/\/diamstwirling.fr\/?page_id=16\" \/>\n<meta property=\"og:site_name\" content=\"Diam&#039;s Twirling Club\" \/>\n<meta property=\"article:modified_time\" content=\"2025-10-20T15:57:53+00:00\" \/>\n<meta property=\"og:image\" content=\"https:\/\/diamstwirling.fr\/wp-content\/uploads\/elementor\/thumbs\/IMG_0618-scaled-e1760974746647-rdhpm49j4qehgzhpvsymiiktyo459p2k6bp3n0e870.jpeg\" \/>\n<meta name=\"twitter:card\" content=\"summary_large_image\" \/>\n<meta name=\"twitter:label1\" content=\"Dur\u00e9e de lecture estim\u00e9e\" \/>\n\t<meta name=\"twitter:data1\" content=\"1 minute\" \/>\n<script type=\"application\/ld+json\" class=\"yoast-schema-graph\">{\"@context\":\"https:\/\/schema.org\",\"@graph\":[{\"@type\":\"WebPage\",\"@id\":\"https:\/\/diamstwirling.fr\/?page_id=16\",\"url\":\"https:\/\/diamstwirling.fr\/?page_id=16\",\"name\":\"GALERIE - Diam&#039;s Twirling Club\",\"isPartOf\":{\"@id\":\"https:\/\/diamstwirling.fr\/#website\"},\"primaryImageOfPage\":{\"@id\":\"https:\/\/diamstwirling.fr\/?page_id=16#primaryimage\"},\"image\":{\"@id\":\"https:\/\/diamstwirling.fr\/?page_id=16#primaryimage\"},\"thumbnailUrl\":\"https:\/\/diamstwirling.fr\/wp-content\/uploads\/elementor\/thumbs\/IMG_0618-scaled-e1760974746647-rdhpm49j4qehgzhpvsymiiktyo459p2k6bp3n0e870.jpeg\",\"datePublished\":\"2020-08-24T13:55:04+00:00\",\"dateModified\":\"2025-10-20T15:57:53+00:00\",\"breadcrumb\":{\"@id\":\"https:\/\/diamstwirling.fr\/?page_id=16#breadcrumb\"},\"inLanguage\":\"fr-FR\",\"potentialAction\":[{\"@type\":\"ReadAction\",\"target\":[\"https:\/\/diamstwirling.fr\/?page_id=16\"]}]},{\"@type\":\"ImageObject\",\"inLanguage\":\"fr-FR\",\"@id\":\"https:\/\/diamstwirling.fr\/?page_id=16#primaryimage\",\"url\":\"https:\/\/diamstwirling.fr\/wp-content\/uploads\/elementor\/thumbs\/IMG_0618-scaled-e1760974746647-rdhpm49j4qehgzhpvsymiiktyo459p2k6bp3n0e870.jpeg\",\"contentUrl\":\"https:\/\/diamstwirling.fr\/wp-content\/uploads\/elementor\/thumbs\/IMG_0618-scaled-e1760974746647-rdhpm49j4qehgzhpvsymiiktyo459p2k6bp3n0e870.jpeg\"},{\"@type\":\"BreadcrumbList\",\"@id\":\"https:\/\/diamstwirling.fr\/?page_id=16#breadcrumb\",\"itemListElement\":[{\"@type\":\"ListItem\",\"position\":1,\"name\":\"Accueil\",\"item\":\"https:\/\/diamstwirling.fr\/\"},{\"@type\":\"ListItem\",\"position\":2,\"name\":\"GALERIE\"}]},{\"@type\":\"WebSite\",\"@id\":\"https:\/\/diamstwirling.fr\/#website\",\"url\":\"https:\/\/diamstwirling.fr\/\",\"name\":\"Diam&#039;s Twirling Club\",\"description\":\"Le club de twirling b\u00e2ton de St-Etienne-de-St-Geoirs !\",\"publisher\":{\"@id\":\"https:\/\/diamstwirling.fr\/#organization\"},\"potentialAction\":[{\"@type\":\"SearchAction\",\"target\":{\"@type\":\"EntryPoint\",\"urlTemplate\":\"https:\/\/diamstwirling.fr\/?s={search_term_string}\"},\"query-input\":{\"@type\":\"PropertyValueSpecification\",\"valueRequired\":true,\"valueName\":\"search_term_string\"}}],\"inLanguage\":\"fr-FR\"},{\"@type\":\"Organization\",\"@id\":\"https:\/\/diamstwirling.fr\/#organization\",\"name\":\"Diam&#039;s Twirling Club\",\"url\":\"https:\/\/diamstwirling.fr\/\",\"logo\":{\"@type\":\"ImageObject\",\"inLanguage\":\"fr-FR\",\"@id\":\"https:\/\/diamstwirling.fr\/#\/schema\/logo\/image\/\",\"url\":\"https:\/\/diamstwirling.fr\/wp-content\/uploads\/2024\/08\/cropped-DiamsTCSESG_Plan-de-travail-1-copie-35.png\",\"contentUrl\":\"https:\/\/diamstwirling.fr\/wp-content\/uploads\/2024\/08\/cropped-DiamsTCSESG_Plan-de-travail-1-copie-35.png\",\"width\":3685,\"height\":2644,\"caption\":\"Diam&#039;s Twirling Club\"},\"image\":{\"@id\":\"https:\/\/diamstwirling.fr\/#\/schema\/logo\/image\/\"}}]}<\/script>\n<!-- \/ Yoast SEO plugin. -->","yoast_head_json":{"title":"GALERIE - Diam&#039;s Twirling Club","robots":{"index":"index","follow":"follow","max-snippet":"max-snippet:-1","max-image-preview":"max-image-preview:large","max-video-preview":"max-video-preview:-1"},"canonical":"https:\/\/diamstwirling.fr\/?page_id=16","og_locale":"fr_FR","og_type":"article","og_title":"GALERIE - Diam&#039;s Twirling Club","og_description":"LA GALERIE D\u00e9couvrez le club en images ! Comp\u00e9titions C&rsquo;est par ici Ev\u00e8nements C&rsquo;est par ici","og_url":"https:\/\/diamstwirling.fr\/?page_id=16","og_site_name":"Diam&#039;s Twirling Club","article_modified_time":"2025-10-20T15:57:53+00:00","og_image":[{"url":"https:\/\/diamstwirling.fr\/wp-content\/uploads\/elementor\/thumbs\/IMG_0618-scaled-e1760974746647-rdhpm49j4qehgzhpvsymiiktyo459p2k6bp3n0e870.jpeg","type":"","width":"","height":""}],"twitter_card":"summary_large_image","twitter_misc":{"Dur\u00e9e de lecture estim\u00e9e":"1 minute"},"schema":{"@context":"https:\/\/schema.org","@graph":[{"@type":"WebPage","@id":"https:\/\/diamstwirling.fr\/?page_id=16","url":"https:\/\/diamstwirling.fr\/?page_id=16","name":"GALERIE - Diam&#039;s Twirling Club","isPartOf":{"@id":"https:\/\/diamstwirling.fr\/#website"},"primaryImageOfPage":{"@id":"https:\/\/diamstwirling.fr\/?page_id=16#primaryimage"},"image":{"@id":"https:\/\/diamstwirling.fr\/?page_id=16#primaryimage"},"thumbnailUrl":"https:\/\/diamstwirling.fr\/wp-content\/uploads\/elementor\/thumbs\/IMG_0618-scaled-e1760974746647-rdhpm49j4qehgzhpvsymiiktyo459p2k6bp3n0e870.jpeg","datePublished":"2020-08-24T13:55:04+00:00","dateModified":"2025-10-20T15:57:53+00:00","breadcrumb":{"@id":"https:\/\/diamstwirling.fr\/?page_id=16#breadcrumb"},"inLanguage":"fr-FR","potentialAction":[{"@type":"ReadAction","target":["https:\/\/diamstwirling.fr\/?page_id=16"]}]},{"@type":"ImageObject","inLanguage":"fr-FR","@id":"https:\/\/diamstwirling.fr\/?page_id=16#primaryimage","url":"https:\/\/diamstwirling.fr\/wp-content\/uploads\/elementor\/thumbs\/IMG_0618-scaled-e1760974746647-rdhpm49j4qehgzhpvsymiiktyo459p2k6bp3n0e870.jpeg","contentUrl":"https:\/\/diamstwirling.fr\/wp-content\/uploads\/elementor\/thumbs\/IMG_0618-scaled-e1760974746647-rdhpm49j4qehgzhpvsymiiktyo459p2k6bp3n0e870.jpeg"},{"@type":"BreadcrumbList","@id":"https:\/\/diamstwirling.fr\/?page_id=16#breadcrumb","itemListElement":[{"@type":"ListItem","position":1,"name":"Accueil","item":"https:\/\/diamstwirling.fr\/"},{"@type":"ListItem","position":2,"name":"GALERIE"}]},{"@type":"WebSite","@id":"https:\/\/diamstwirling.fr\/#website","url":"https:\/\/diamstwirling.fr\/","name":"Diam&#039;s Twirling Club","description":"Le club de twirling b\u00e2ton de St-Etienne-de-St-Geoirs !","publisher":{"@id":"https:\/\/diamstwirling.fr\/#organization"},"potentialAction":[{"@type":"SearchAction","target":{"@type":"EntryPoint","urlTemplate":"https:\/\/diamstwirling.fr\/?s={search_term_string}"},"query-input":{"@type":"PropertyValueSpecification","valueRequired":true,"valueName":"search_term_string"}}],"inLanguage":"fr-FR"},{"@type":"Organization","@id":"https:\/\/diamstwirling.fr\/#organization","name":"Diam&#039;s Twirling Club","url":"https:\/\/diamstwirling.fr\/","logo":{"@type":"ImageObject","inLanguage":"fr-FR","@id":"https:\/\/diamstwirling.fr\/#\/schema\/logo\/image\/","url":"https:\/\/diamstwirling.fr\/wp-content\/uploads\/2024\/08\/cropped-DiamsTCSESG_Plan-de-travail-1-copie-35.png","contentUrl":"https:\/\/diamstwirling.fr\/wp-content\/uploads\/2024\/08\/cropped-DiamsTCSESG_Plan-de-travail-1-copie-35.png","width":3685,"height":2644,"caption":"Diam&#039;s Twirling Club"},"image":{"@id":"https:\/\/diamstwirling.fr\/#\/schema\/logo\/image\/"}}]}},"_links":{"self":[{"href":"https:\/\/diamstwirling.fr\/index.php?rest_route=\/wp\/v2\/pages\/16"}],"collection":[{"href":"https:\/\/diamstwirling.fr\/index.php?rest_route=\/wp\/v2\/pages"}],"about":[{"href":"https:\/\/diamstwirling.fr\/index.php?rest_route=\/wp\/v2\/types\/page"}],"author":[{"embeddable":true,"href":"https:\/\/diamstwirling.fr\/index.php?rest_route=\/wp\/v2\/users\/1"}],"replies":[{"embeddable":true,"href":"https:\/\/diamstwirling.fr\/index.php?rest_route=%2Fwp%2Fv2%2Fcomments&post=16"}],"version-history":[{"count":96,"href":"https:\/\/diamstwirling.fr\/index.php?rest_route=\/wp\/v2\/pages\/16\/revisions"}],"predecessor-version":[{"id":1588,"href":"https:\/\/diamstwirling.fr\/index.php?rest_route=\/wp\/v2\/pages\/16\/revisions\/1588"}],"wp:attachment":[{"href":"https:\/\/diamstwirling.fr\/index.php?rest_route=%2Fwp%2Fv2%2Fmedia&parent=16"}],"curies":[{"name":"wp","href":"https:\/\/api.w.org\/{rel}","templated":true}]}}