{"id":10,"date":"2020-08-24T15:54:20","date_gmt":"2020-08-24T13:54:20","guid":{"rendered":"http:\/\/diamstwirling.fr\/?page_id=10"},"modified":"2026-03-04T19:03:51","modified_gmt":"2026-03-04T18:03:51","slug":"le-twirling","status":"publish","type":"page","link":"https:\/\/diamstwirling.fr\/?page_id=10","title":{"rendered":"LE TWIRLING"},"content":{"rendered":"\t\t<div data-elementor-type=\"wp-page\" data-elementor-id=\"10\" class=\"elementor elementor-10\">\n\t\t\t\t\t\t<section class=\"elementor-section elementor-top-section elementor-element elementor-element-6ca0360a elementor-section-height-min-height elementor-section-content-middle elementor-section-stretched elementor-section-boxed elementor-section-height-default elementor-section-items-middle\" data-id=\"6ca0360a\" data-element_type=\"section\" data-settings=\"{&quot;background_background&quot;:&quot;classic&quot;,&quot;shape_divider_top&quot;:&quot;waves&quot;,&quot;shape_divider_bottom&quot;:&quot;waves&quot;,&quot;stretch_section&quot;:&quot;section-stretched&quot;}\">\n\t\t\t\t\t\t\t<div class=\"elementor-background-overlay\"><\/div>\n\t\t\t\t\t\t<div class=\"elementor-shape elementor-shape-top\" data-negative=\"false\">\n\t\t\t<svg xmlns=\"http:\/\/www.w3.org\/2000\/svg\" viewBox=\"0 0 1000 100\" preserveAspectRatio=\"none\">\n\t<path class=\"elementor-shape-fill\" d=\"M421.9,6.5c22.6-2.5,51.5,0.4,75.5,5.3c23.6,4.9,70.9,23.5,100.5,35.7c75.8,32.2,133.7,44.5,192.6,49.7\n\tc23.6,2.1,48.7,3.5,103.4-2.5c54.7-6,106.2-25.6,106.2-25.6V0H0v30.3c0,0,72,32.6,158.4,30.5c39.2-0.7,92.8-6.7,134-22.4\n\tc21.2-8.1,52.2-18.2,79.7-24.2C399.3,7.9,411.6,7.5,421.9,6.5z\"\/>\n<\/svg>\t\t<\/div>\n\t\t\t\t<div class=\"elementor-shape elementor-shape-bottom\" data-negative=\"false\">\n\t\t\t<svg xmlns=\"http:\/\/www.w3.org\/2000\/svg\" viewBox=\"0 0 1000 100\" preserveAspectRatio=\"none\">\n\t<path class=\"elementor-shape-fill\" d=\"M421.9,6.5c22.6-2.5,51.5,0.4,75.5,5.3c23.6,4.9,70.9,23.5,100.5,35.7c75.8,32.2,133.7,44.5,192.6,49.7\n\tc23.6,2.1,48.7,3.5,103.4-2.5c54.7-6,106.2-25.6,106.2-25.6V0H0v30.3c0,0,72,32.6,158.4,30.5c39.2-0.7,92.8-6.7,134-22.4\n\tc21.2-8.1,52.2-18.2,79.7-24.2C399.3,7.9,411.6,7.5,421.9,6.5z\"\/>\n<\/svg>\t\t<\/div>\n\t\t\t\t\t<div class=\"elementor-container elementor-column-gap-no\">\n\t\t\t\t\t<div class=\"elementor-column elementor-col-50 elementor-top-column elementor-element elementor-element-1dc4aad9\" data-id=\"1dc4aad9\" data-element_type=\"column\">\n\t\t\t<div class=\"elementor-widget-wrap elementor-element-populated\">\n\t\t\t\t\t\t<div class=\"elementor-element elementor-element-1474083b elementor-widget elementor-widget-heading\" data-id=\"1474083b\" data-element_type=\"widget\" data-widget_type=\"heading.default\">\n\t\t\t\t<div class=\"elementor-widget-container\">\n\t\t\t\t\t<h5 class=\"elementor-heading-title elementor-size-default\">TWIRLING B\u00c2TON<\/h5>\t\t\t\t<\/div>\n\t\t\t\t<\/div>\n\t\t\t\t<div class=\"elementor-element elementor-element-3cad187 elementor-widget elementor-widget-heading\" data-id=\"3cad187\" data-element_type=\"widget\" data-widget_type=\"heading.default\">\n\t\t\t\t<div class=\"elementor-widget-container\">\n\t\t\t\t\t<h2 class=\"elementor-heading-title elementor-size-default\">Qu'est ce que le <br>twirling b\u00e2ton ? <\/h2>\t\t\t\t<\/div>\n\t\t\t\t<\/div>\n\t\t\t\t\t<\/div>\n\t\t<\/div>\n\t\t\t\t<div class=\"elementor-column elementor-col-50 elementor-top-column elementor-element elementor-element-30cab61c\" data-id=\"30cab61c\" data-element_type=\"column\">\n\t\t\t<div class=\"elementor-widget-wrap elementor-element-populated\">\n\t\t\t\t\t\t<div class=\"elementor-element elementor-element-a71b50e elementor-widget elementor-widget-video\" data-id=\"a71b50e\" data-element_type=\"widget\" data-settings=\"{&quot;youtube_url&quot;:&quot;https:\\\/\\\/youtu.be\\\/dlwT_9yu3LM&quot;,&quot;start&quot;:25,&quot;video_type&quot;:&quot;youtube&quot;,&quot;controls&quot;:&quot;yes&quot;}\" data-widget_type=\"video.default\">\n\t\t\t\t<div class=\"elementor-widget-container\">\n\t\t\t\t\t\t\t<div class=\"elementor-wrapper elementor-open-inline\">\n\t\t\t<div class=\"elementor-video\"><\/div>\t\t<\/div>\n\t\t\t\t\t\t<\/div>\n\t\t\t\t<\/div>\n\t\t\t\t\t<\/div>\n\t\t<\/div>\n\t\t\t\t\t<\/div>\n\t\t<\/section>\n\t\t\t\t<section class=\"elementor-section elementor-top-section elementor-element elementor-element-7476cc38 elementor-section-full_width elementor-section-content-middle elementor-section-stretched elementor-section-height-default elementor-section-height-default\" data-id=\"7476cc38\" data-element_type=\"section\" data-settings=\"{&quot;background_background&quot;:&quot;classic&quot;,&quot;stretch_section&quot;:&quot;section-stretched&quot;,&quot;shape_divider_top&quot;:&quot;arrow&quot;}\">\n\t\t\t\t\t<div class=\"elementor-shape elementor-shape-top\" data-negative=\"false\">\n\t\t\t<svg xmlns=\"http:\/\/www.w3.org\/2000\/svg\" viewBox=\"0 0 700 10\" preserveAspectRatio=\"none\">\n\t<path class=\"elementor-shape-fill\" d=\"M350,10L340,0h20L350,10z\"\/>\n<\/svg>\t\t<\/div>\n\t\t\t\t\t<div class=\"elementor-container elementor-column-gap-no\">\n\t\t\t\t\t<div class=\"elementor-column elementor-col-50 elementor-top-column elementor-element elementor-element-29042b22 elementor-invisible\" data-id=\"29042b22\" data-element_type=\"column\" data-settings=\"{&quot;background_background&quot;:&quot;classic&quot;,&quot;animation&quot;:&quot;fadeInLeft&quot;}\">\n\t\t\t<div class=\"elementor-widget-wrap elementor-element-populated\">\n\t\t\t\t\t<div class=\"elementor-background-overlay\"><\/div>\n\t\t\t\t\t\t<div class=\"elementor-element elementor-element-4548ed6f elementor-widget elementor-widget-heading\" data-id=\"4548ed6f\" data-element_type=\"widget\" data-widget_type=\"heading.default\">\n\t\t\t\t<div class=\"elementor-widget-container\">\n\t\t\t\t\t<h4 class=\"elementor-heading-title elementor-size-default\">Un sport virevoltant <\/h4>\t\t\t\t<\/div>\n\t\t\t\t<\/div>\n\t\t\t\t\t<\/div>\n\t\t<\/div>\n\t\t\t\t<div class=\"elementor-column elementor-col-50 elementor-top-column elementor-element elementor-element-15143e03 elementor-invisible\" data-id=\"15143e03\" data-element_type=\"column\" data-settings=\"{&quot;animation&quot;:&quot;fadeInRight&quot;}\">\n\t\t\t<div class=\"elementor-widget-wrap elementor-element-populated\">\n\t\t\t\t\t\t<div class=\"elementor-element elementor-element-3fbfac2f elementor-widget elementor-widget-text-editor\" data-id=\"3fbfac2f\" data-element_type=\"widget\" data-widget_type=\"text-editor.default\">\n\t\t\t\t<div class=\"elementor-widget-container\">\n\t\t\t\t\t\t\t\t\t<p>D\u00e9couvrez le twirling b\u00e2ton en quelques lignes !\u00a0<\/p>\t\t\t\t\t\t\t\t<\/div>\n\t\t\t\t<\/div>\n\t\t\t\t<div class=\"elementor-element elementor-element-35cd7006 elementor-widget elementor-widget-text-editor\" data-id=\"35cd7006\" data-element_type=\"widget\" data-widget_type=\"text-editor.default\">\n\t\t\t\t<div class=\"elementor-widget-container\">\n\t\t\t\t\t\t\t\t\t<p>Son nom provient de l\u2019anglais \u00ab\u00a0to twirl\u00a0\u00bb qui signifie \u00ab\u00a0faire tournoyer\u00a0\u00bb. Ajoutez-y un b\u00e2ton, et vous pouvez d\u00e9j\u00e0 vous imaginer ce qu&rsquo;une&nbsp; fille ou un gar\u00e7on peut faire. Mais ce n&rsquo;est pas que cela ! En plus de la dext\u00e9rit\u00e9, les athl\u00e8tes (car c&rsquo;est un v\u00e9ritable sport) travaillent l&rsquo;expression corporelle (danse), les acrobaties (gymnastique au sol) et la pr\u00e9cision d&rsquo;ex\u00e9cution, le tout chor\u00e9graphi\u00e9 sur un th\u00e8me musical.&nbsp;<\/p><p>Le twirling b\u00e2ton se pratique au f\u00e9minin comme au masculin, seul, en duo ou en \u00e9quipe. On peut le pratiquer tout au long de sa scolarit\u00e9 et m\u00eame apr\u00e8s, en comp\u00e9tition ou pour le loisir. Les athl\u00e8tes \u00e9voluent \u00e0 diff\u00e9rents niveaux (fili\u00e8res) N3, N2, N1 et N1 \u00e9lite. Les cat\u00e9gories d&rsquo;\u00e2ge sont les m\u00eames que dans tous les sports : poussins, benjamins, minimes, cadets, juniors et s\u00e9niors.<\/p><p>Quel que soit son \u00e2ge, l&rsquo;athl\u00e8te apprend au cours de sa premi\u00e8re ann\u00e9e, le maniement du b\u00e2ton, les bases de la gymnastique, de l&rsquo;expression corporelle, ce qui lui permettra de participer au gala de fin d&rsquo;ann\u00e9e et lui donnera un avant-go\u00fbt des comp\u00e9titions \u00e0 venir. Il acquiert \u00e9galement la discipline et l&rsquo;esprit d&rsquo;\u00e9quipe, indispensables dans ce sport.<br><\/p>\t\t\t\t\t\t\t\t<\/div>\n\t\t\t\t<\/div>\n\t\t\t\t<div class=\"elementor-element elementor-element-2e70dfcf elementor-widget elementor-widget-text-editor\" data-id=\"2e70dfcf\" data-element_type=\"widget\" data-widget_type=\"text-editor.default\">\n\t\t\t\t<div class=\"elementor-widget-container\">\n\t\t\t\t\t\t\t\t\t\nFille ou gar\u00e7on, petit ou grand, n&rsquo;attend pas pour venir d\u00e9couvrir le twirling b\u00e2ton au Diam&rsquo;s Twirling Club ! \t\t\t\t\t\t\t\t<\/div>\n\t\t\t\t<\/div>\n\t\t\t\t\t<\/div>\n\t\t<\/div>\n\t\t\t\t\t<\/div>\n\t\t<\/section>\n\t\t\t\t<\/div>\n\t\t","protected":false},"excerpt":{"rendered":"<p>TWIRLING B\u00c2TON Qu&rsquo;est ce que le twirling b\u00e2ton ? Un sport virevoltant D\u00e9couvrez le twirling b\u00e2ton en quelques lignes !\u00a0 Son nom provient de l\u2019anglais \u00ab\u00a0to twirl\u00a0\u00bb qui signifie \u00ab\u00a0faire tournoyer\u00a0\u00bb. Ajoutez-y un b\u00e2ton, et vous pouvez d\u00e9j\u00e0 vous imaginer ce qu&rsquo;une&nbsp; fille ou un gar\u00e7on peut faire. Mais ce n&rsquo;est pas que cela !&hellip;&nbsp;<a href=\"https:\/\/diamstwirling.fr\/?page_id=10\" class=\"\" rel=\"bookmark\">Lire la suite &raquo;<span class=\"screen-reader-text\">LE TWIRLING<\/span><\/a><\/p>\n","protected":false},"author":1,"featured_media":0,"parent":0,"menu_order":0,"comment_status":"closed","ping_status":"closed","template":"","meta":{"neve_meta_sidebar":"full-width","neve_meta_container":"","neve_meta_enable_content_width":"on","neve_meta_content_width":100,"neve_meta_title_alignment":"","neve_meta_author_avatar":"","neve_post_elements_order":"","neve_meta_disable_header":"","neve_meta_disable_footer":"","neve_meta_disable_title":"","footnotes":""},"class_list":["post-10","page","type-page","status-publish","hentry"],"yoast_head":"<!-- This site is optimized with the Yoast SEO plugin v24.7 - https:\/\/yoast.com\/wordpress\/plugins\/seo\/ -->\n<title>LE TWIRLING - Diam&#039;s Twirling Club<\/title>\n<meta name=\"robots\" content=\"index, follow, max-snippet:-1, max-image-preview:large, max-video-preview:-1\" \/>\n<link rel=\"canonical\" href=\"https:\/\/diamstwirling.fr\/?page_id=10\" \/>\n<meta property=\"og:locale\" content=\"fr_FR\" \/>\n<meta property=\"og:type\" content=\"article\" \/>\n<meta property=\"og:title\" content=\"LE TWIRLING - Diam&#039;s Twirling Club\" \/>\n<meta property=\"og:description\" content=\"TWIRLING B\u00c2TON Qu&rsquo;est ce que le twirling b\u00e2ton ? Un sport virevoltant D\u00e9couvrez le twirling b\u00e2ton en quelques lignes !\u00a0 Son nom provient de l\u2019anglais \u00ab\u00a0to twirl\u00a0\u00bb qui signifie \u00ab\u00a0faire tournoyer\u00a0\u00bb. Ajoutez-y un b\u00e2ton, et vous pouvez d\u00e9j\u00e0 vous imaginer ce qu&rsquo;une&nbsp; fille ou un gar\u00e7on peut faire. Mais ce n&rsquo;est pas que cela !&hellip;&nbsp;Lire la suite &raquo;LE TWIRLING\" \/>\n<meta property=\"og:url\" content=\"https:\/\/diamstwirling.fr\/?page_id=10\" \/>\n<meta property=\"og:site_name\" content=\"Diam&#039;s Twirling Club\" \/>\n<meta property=\"article:modified_time\" content=\"2026-03-04T18:03:51+00:00\" \/>\n<meta name=\"twitter:card\" content=\"summary_large_image\" \/>\n<meta name=\"twitter:label1\" content=\"Dur\u00e9e de lecture estim\u00e9e\" \/>\n\t<meta name=\"twitter:data1\" content=\"2 minutes\" \/>\n<script type=\"application\/ld+json\" class=\"yoast-schema-graph\">{\"@context\":\"https:\/\/schema.org\",\"@graph\":[{\"@type\":\"WebPage\",\"@id\":\"https:\/\/diamstwirling.fr\/?page_id=10\",\"url\":\"https:\/\/diamstwirling.fr\/?page_id=10\",\"name\":\"LE TWIRLING - Diam&#039;s Twirling Club\",\"isPartOf\":{\"@id\":\"https:\/\/diamstwirling.fr\/#website\"},\"datePublished\":\"2020-08-24T13:54:20+00:00\",\"dateModified\":\"2026-03-04T18:03:51+00:00\",\"breadcrumb\":{\"@id\":\"https:\/\/diamstwirling.fr\/?page_id=10#breadcrumb\"},\"inLanguage\":\"fr-FR\",\"potentialAction\":[{\"@type\":\"ReadAction\",\"target\":[\"https:\/\/diamstwirling.fr\/?page_id=10\"]}]},{\"@type\":\"BreadcrumbList\",\"@id\":\"https:\/\/diamstwirling.fr\/?page_id=10#breadcrumb\",\"itemListElement\":[{\"@type\":\"ListItem\",\"position\":1,\"name\":\"Accueil\",\"item\":\"https:\/\/diamstwirling.fr\/\"},{\"@type\":\"ListItem\",\"position\":2,\"name\":\"LE TWIRLING\"}]},{\"@type\":\"WebSite\",\"@id\":\"https:\/\/diamstwirling.fr\/#website\",\"url\":\"https:\/\/diamstwirling.fr\/\",\"name\":\"Diam&#039;s Twirling Club\",\"description\":\"Le club de twirling b\u00e2ton de St-Etienne-de-St-Geoirs !\",\"publisher\":{\"@id\":\"https:\/\/diamstwirling.fr\/#organization\"},\"potentialAction\":[{\"@type\":\"SearchAction\",\"target\":{\"@type\":\"EntryPoint\",\"urlTemplate\":\"https:\/\/diamstwirling.fr\/?s={search_term_string}\"},\"query-input\":{\"@type\":\"PropertyValueSpecification\",\"valueRequired\":true,\"valueName\":\"search_term_string\"}}],\"inLanguage\":\"fr-FR\"},{\"@type\":\"Organization\",\"@id\":\"https:\/\/diamstwirling.fr\/#organization\",\"name\":\"Diam&#039;s Twirling Club\",\"url\":\"https:\/\/diamstwirling.fr\/\",\"logo\":{\"@type\":\"ImageObject\",\"inLanguage\":\"fr-FR\",\"@id\":\"https:\/\/diamstwirling.fr\/#\/schema\/logo\/image\/\",\"url\":\"https:\/\/diamstwirling.fr\/wp-content\/uploads\/2024\/08\/cropped-DiamsTCSESG_Plan-de-travail-1-copie-35.png\",\"contentUrl\":\"https:\/\/diamstwirling.fr\/wp-content\/uploads\/2024\/08\/cropped-DiamsTCSESG_Plan-de-travail-1-copie-35.png\",\"width\":3685,\"height\":2644,\"caption\":\"Diam&#039;s Twirling Club\"},\"image\":{\"@id\":\"https:\/\/diamstwirling.fr\/#\/schema\/logo\/image\/\"}}]}<\/script>\n<!-- \/ Yoast SEO plugin. -->","yoast_head_json":{"title":"LE TWIRLING - Diam&#039;s Twirling Club","robots":{"index":"index","follow":"follow","max-snippet":"max-snippet:-1","max-image-preview":"max-image-preview:large","max-video-preview":"max-video-preview:-1"},"canonical":"https:\/\/diamstwirling.fr\/?page_id=10","og_locale":"fr_FR","og_type":"article","og_title":"LE TWIRLING - Diam&#039;s Twirling Club","og_description":"TWIRLING B\u00c2TON Qu&rsquo;est ce que le twirling b\u00e2ton ? Un sport virevoltant D\u00e9couvrez le twirling b\u00e2ton en quelques lignes !\u00a0 Son nom provient de l\u2019anglais \u00ab\u00a0to twirl\u00a0\u00bb qui signifie \u00ab\u00a0faire tournoyer\u00a0\u00bb. Ajoutez-y un b\u00e2ton, et vous pouvez d\u00e9j\u00e0 vous imaginer ce qu&rsquo;une&nbsp; fille ou un gar\u00e7on peut faire. Mais ce n&rsquo;est pas que cela !&hellip;&nbsp;Lire la suite &raquo;LE TWIRLING","og_url":"https:\/\/diamstwirling.fr\/?page_id=10","og_site_name":"Diam&#039;s Twirling Club","article_modified_time":"2026-03-04T18:03:51+00:00","twitter_card":"summary_large_image","twitter_misc":{"Dur\u00e9e de lecture estim\u00e9e":"2 minutes"},"schema":{"@context":"https:\/\/schema.org","@graph":[{"@type":"WebPage","@id":"https:\/\/diamstwirling.fr\/?page_id=10","url":"https:\/\/diamstwirling.fr\/?page_id=10","name":"LE TWIRLING - Diam&#039;s Twirling Club","isPartOf":{"@id":"https:\/\/diamstwirling.fr\/#website"},"datePublished":"2020-08-24T13:54:20+00:00","dateModified":"2026-03-04T18:03:51+00:00","breadcrumb":{"@id":"https:\/\/diamstwirling.fr\/?page_id=10#breadcrumb"},"inLanguage":"fr-FR","potentialAction":[{"@type":"ReadAction","target":["https:\/\/diamstwirling.fr\/?page_id=10"]}]},{"@type":"BreadcrumbList","@id":"https:\/\/diamstwirling.fr\/?page_id=10#breadcrumb","itemListElement":[{"@type":"ListItem","position":1,"name":"Accueil","item":"https:\/\/diamstwirling.fr\/"},{"@type":"ListItem","position":2,"name":"LE TWIRLING"}]},{"@type":"WebSite","@id":"https:\/\/diamstwirling.fr\/#website","url":"https:\/\/diamstwirling.fr\/","name":"Diam&#039;s Twirling Club","description":"Le club de twirling b\u00e2ton de St-Etienne-de-St-Geoirs !","publisher":{"@id":"https:\/\/diamstwirling.fr\/#organization"},"potentialAction":[{"@type":"SearchAction","target":{"@type":"EntryPoint","urlTemplate":"https:\/\/diamstwirling.fr\/?s={search_term_string}"},"query-input":{"@type":"PropertyValueSpecification","valueRequired":true,"valueName":"search_term_string"}}],"inLanguage":"fr-FR"},{"@type":"Organization","@id":"https:\/\/diamstwirling.fr\/#organization","name":"Diam&#039;s Twirling Club","url":"https:\/\/diamstwirling.fr\/","logo":{"@type":"ImageObject","inLanguage":"fr-FR","@id":"https:\/\/diamstwirling.fr\/#\/schema\/logo\/image\/","url":"https:\/\/diamstwirling.fr\/wp-content\/uploads\/2024\/08\/cropped-DiamsTCSESG_Plan-de-travail-1-copie-35.png","contentUrl":"https:\/\/diamstwirling.fr\/wp-content\/uploads\/2024\/08\/cropped-DiamsTCSESG_Plan-de-travail-1-copie-35.png","width":3685,"height":2644,"caption":"Diam&#039;s Twirling Club"},"image":{"@id":"https:\/\/diamstwirling.fr\/#\/schema\/logo\/image\/"}}]}},"_links":{"self":[{"href":"https:\/\/diamstwirling.fr\/index.php?rest_route=\/wp\/v2\/pages\/10"}],"collection":[{"href":"https:\/\/diamstwirling.fr\/index.php?rest_route=\/wp\/v2\/pages"}],"about":[{"href":"https:\/\/diamstwirling.fr\/index.php?rest_route=\/wp\/v2\/types\/page"}],"author":[{"embeddable":true,"href":"https:\/\/diamstwirling.fr\/index.php?rest_route=\/wp\/v2\/users\/1"}],"replies":[{"embeddable":true,"href":"https:\/\/diamstwirling.fr\/index.php?rest_route=%2Fwp%2Fv2%2Fcomments&post=10"}],"version-history":[{"count":61,"href":"https:\/\/diamstwirling.fr\/index.php?rest_route=\/wp\/v2\/pages\/10\/revisions"}],"predecessor-version":[{"id":1798,"href":"https:\/\/diamstwirling.fr\/index.php?rest_route=\/wp\/v2\/pages\/10\/revisions\/1798"}],"wp:attachment":[{"href":"https:\/\/diamstwirling.fr\/index.php?rest_route=%2Fwp%2Fv2%2Fmedia&parent=10"}],"curies":[{"name":"wp","href":"https:\/\/api.w.org\/{rel}","templated":true}]}}